{"id":3,"date":"2025-11-03T16:43:27","date_gmt":"2025-11-03T15:43:27","guid":{"rendered":"http:\/\/192.168.33.29:8887\/?page_id=3"},"modified":"2026-03-25T12:09:38","modified_gmt":"2026-03-25T11:09:38","slug":"datenschutzerklaerung","status":"publish","type":"page","link":"https:\/\/zanzibar.life\/de\/datenschutzerklaerung\/","title":{"rendered":"Datenschutzerkl\u00e4rung"},"content":{"rendered":"<p>Diese Datenschutzrichtlinie beschreibt, wie Zanzibar Life Ihre pers\u00f6nlichen Daten sammelt, verwendet und sch\u00fctzt. Wir setzen uns daf\u00fcr ein, dass Ihre Privatsph\u00e4re gesch\u00fctzt wird.<\/p><p>Diese Seite wird mit unserer vollst\u00e4ndigen Datenschutzrichtlinie aktualisiert. Bei Fragen kontaktieren Sie uns bitte unter info@itnodepro.com.<\/p>","protected":false},"excerpt":{"rendered":"<p>This privacy policy outlines how Zanzibar Life collects, uses, and protects your personal information. We are committed to ensuring your privacy is protected. This page will be updated with our full privacy policy. For questions, please contact us at info@itnodepro.com.<\/p>","protected":false},"author":1,"featured_media":0,"parent":0,"menu_order":0,"comment_status":"closed","ping_status":"open","template":"","meta":{"footnotes":""},"class_list":["post-3","page","type-page","status-publish","hentry"],"_links":{"self":[{"href":"https:\/\/zanzibar.life\/de\/wp-json\/wp\/v2\/pages\/3","targetHints":{"allow":["GET"]}}],"collection":[{"href":"https:\/\/zanzibar.life\/de\/wp-json\/wp\/v2\/pages"}],"about":[{"href":"https:\/\/zanzibar.life\/de\/wp-json\/wp\/v2\/types\/page"}],"author":[{"embeddable":true,"href":"https:\/\/zanzibar.life\/de\/wp-json\/wp\/v2\/users\/1"}],"replies":[{"embeddable":true,"href":"https:\/\/zanzibar.life\/de\/wp-json\/wp\/v2\/comments?post=3"}],"version-history":[{"count":1,"href":"https:\/\/zanzibar.life\/de\/wp-json\/wp\/v2\/pages\/3\/revisions"}],"predecessor-version":[{"id":48,"href":"https:\/\/zanzibar.life\/de\/wp-json\/wp\/v2\/pages\/3\/revisions\/48"}],"wp:attachment":[{"href":"https:\/\/zanzibar.life\/de\/wp-json\/wp\/v2\/media?parent=3"}],"curies":[{"name":"wp","href":"https:\/\/api.w.org\/{rel}","templated":true}]}}