{"id":51,"date":"2026-03-25T12:10:34","date_gmt":"2026-03-25T11:10:34","guid":{"rendered":"http:\/\/www.sansibar.life\/about-zanzibar\/"},"modified":"2026-03-25T12:10:34","modified_gmt":"2026-03-25T11:10:34","slug":"about-zanzibar","status":"publish","type":"page","link":"https:\/\/zanzibar.life\/de\/about-zanzibar\/","title":{"rendered":"\u00dcber Sansibar"},"content":{"rendered":"<h1 class=\"wp-block-heading\">\u00dcber Sansibar<\/h1><p>Sansibar ist ein halbautonomes Archipel vor der K\u00fcste Tansanias in Ostafrika. Bekannt als die \u201cGew\u00fcrzinsel\u201d, bietet sie eine einzigartige Mischung aus afrikanischen, arabischen, indischen und europ\u00e4ischen Kulturen, die ihre reiche Geschichte und lebendige Gegenwart gepr\u00e4gt haben.<\/p><h2 class=\"wp-block-heading\">Kultur und Kulturerbe<\/h2><p>Stone Town, das historische Herz von Sansibar-Stadt, geh\u00f6rt zum UNESCO-Weltkulturerbe. Die verwinkelten Gassen, kunstvoll geschnitzten T\u00fcren und gesch\u00e4ftigen Basare erz\u00e4hlen von Jahrhunderten des Handels und kulturellen Austauschs. Die Insel zelebriert eine Mischung aus Suaheli-Traditionen, islamischem Erbe und kolonialen Einfl\u00fcssen.<\/p><h2 class=\"wp-block-heading\">Beste Zeit f\u00fcr einen Besuch<\/h2><p>Auf Sansibar herrscht ganzj\u00e4hrig ein tropisches Klima. Die beste Zeit f\u00fcr einen Besuch ist w\u00e4hrend der Trockenzeit: <strong>Juni bis Oktober<\/strong> (k\u00fchl und trocken) und <strong>Dezember bis Februar<\/strong> (hei\u00df und trocken). Diese Monate bieten perfektes Strandwetter und ideale Bedingungen zum Tauchen und Schnorcheln.<\/p><h2 class=\"wp-block-heading\">Ankommen<\/h2><p>Auf dem Luftweg ist Sansibar \u00fcber den Abeid Amani Karume International Airport (ZNZ) mit Direktfl\u00fcgen von Dar es Salaam, Nairobi und mehreren internationalen Zielen erreichbar. F\u00e4hren verbinden auch Stone Town mit Dar es Salaam mit mehreren t\u00e4glichen Abfahrten.<\/p>","protected":false},"excerpt":{"rendered":"<p>About Zanzibar Zanzibar is a semi-autonomous archipelago off the coast of Tanzania in East Africa. Known as the &#8220;Spice Island,&#8221; it offers a unique blend of African, Arab, Indian, and European cultures that has shaped its rich history and vibrant present. Culture &amp; Heritage Stone Town, the historic heart of Zanzibar City, is a UNESCO [&hellip;]<\/p>\n","protected":false},"author":0,"featured_media":0,"parent":0,"menu_order":0,"comment_status":"closed","ping_status":"closed","template":"","meta":{"footnotes":""},"class_list":["post-51","page","type-page","status-publish","hentry"],"_links":{"self":[{"href":"https:\/\/zanzibar.life\/de\/wp-json\/wp\/v2\/pages\/51","targetHints":{"allow":["GET"]}}],"collection":[{"href":"https:\/\/zanzibar.life\/de\/wp-json\/wp\/v2\/pages"}],"about":[{"href":"https:\/\/zanzibar.life\/de\/wp-json\/wp\/v2\/types\/page"}],"replies":[{"embeddable":true,"href":"https:\/\/zanzibar.life\/de\/wp-json\/wp\/v2\/comments?post=51"}],"version-history":[{"count":0,"href":"https:\/\/zanzibar.life\/de\/wp-json\/wp\/v2\/pages\/51\/revisions"}],"wp:attachment":[{"href":"https:\/\/zanzibar.life\/de\/wp-json\/wp\/v2\/media?parent=51"}],"curies":[{"name":"wp","href":"https:\/\/api.w.org\/{rel}","templated":true}]}}