{"id":53,"date":"2026-03-25T12:11:14","date_gmt":"2026-03-25T11:11:14","guid":{"rendered":"http:\/\/www.sansibar.life\/hotels-accommodation\/"},"modified":"2026-03-25T12:11:14","modified_gmt":"2026-03-25T11:11:14","slug":"hotels-accommodation","status":"publish","type":"page","link":"https:\/\/zanzibar.life\/de\/hotels-accommodation\/","title":{"rendered":"Hotels &amp; Unterk\u00fcnfte"},"content":{"rendered":"<h1 class=\"wp-block-heading\">Hotels &amp; Unterk\u00fcnfte<\/h1><p>Finden Sie Ihre perfekte Unterkunft auf Sansibar. Unser Marktplatz verbindet Sie direkt mit Hotels, Resorts, G\u00e4steh\u00e4usern und Boutique-Unterk\u00fcnften auf der ganzen Insel.<\/p><h2 class=\"wp-block-heading\">Warum \u00fcber Zanzibar Life buchen?<\/h2><p>Wir arbeiten mit verifizierten lokalen Unterkunftsanbietern zusammen, um Ihnen die besten Preise und authentische Erlebnisse zu bieten. Jedes Angebot wird gepr\u00fcft, um Qualit\u00e4t, Sicherheit und echte Gastfreundschaft zu gew\u00e4hrleisten.<\/p><h2 class=\"wp-block-heading\">Beliebte Gebiete<\/h2><p><strong>Nungwi<\/strong> - Ber\u00fchmt f\u00fcr atemberaubende Sonnenunterg\u00e4nge und lebhafte Strandbars. Perfekt f\u00fcr Paare und gesellige Reisende.<\/p><p><strong>Kendwa<\/strong> - Unber\u00fchrter wei\u00dfer Sandstrand mit ruhigem Wasser. Ideal zum Schwimmen bei jeder Flut.<\/p><p><strong>Paje<\/strong> - Die Hauptstadt des Kitesurfens in Ostafrika. Ideal f\u00fcr Aktivreisende und Rucksacktouristen.<\/p><p><strong>Steinstadt<\/strong> - Tauchen Sie ein in Kultur und Geschichte. Boutique-Hotels in restaurierten historischen Geb\u00e4uden.<\/p><p><strong>Jambiani<\/strong> - Ruhig und authentisch. Erleben Sie das lokale Dorfleben von seiner besten Seite.<\/p><h2 class=\"wp-block-heading\">F\u00fcr Anbieter von Unterk\u00fcnften<\/h2><p>Sind Sie Hotelbesitzer oder G\u00e4stehausbetreiber in Zanzibar? Werden Sie Mitglied auf unserem Marktplatz und erreichen Sie tausende von Reisenden. <a href=\"\/de\/vendor-registration\/\">Als Verk\u00e4ufer registrieren<\/a> um noch heute mit dem Inserieren Ihrer Immobilie zu beginnen.<\/p>","protected":false},"excerpt":{"rendered":"<p>Hotels &amp; Accommodation Find your perfect place to stay in Zanzibar. Our marketplace connects you directly with hotels, resorts, guesthouses, and boutique accommodations across the island. Why Book Through Zanzibar Life? We partner with verified local accommodation providers to offer you the best rates and authentic experiences. Each listing is vetted to ensure quality, safety, [&hellip;]<\/p>\n","protected":false},"author":0,"featured_media":0,"parent":0,"menu_order":0,"comment_status":"closed","ping_status":"closed","template":"","meta":{"footnotes":""},"class_list":["post-53","page","type-page","status-publish","hentry"],"_links":{"self":[{"href":"https:\/\/zanzibar.life\/de\/wp-json\/wp\/v2\/pages\/53","targetHints":{"allow":["GET"]}}],"collection":[{"href":"https:\/\/zanzibar.life\/de\/wp-json\/wp\/v2\/pages"}],"about":[{"href":"https:\/\/zanzibar.life\/de\/wp-json\/wp\/v2\/types\/page"}],"replies":[{"embeddable":true,"href":"https:\/\/zanzibar.life\/de\/wp-json\/wp\/v2\/comments?post=53"}],"version-history":[{"count":0,"href":"https:\/\/zanzibar.life\/de\/wp-json\/wp\/v2\/pages\/53\/revisions"}],"wp:attachment":[{"href":"https:\/\/zanzibar.life\/de\/wp-json\/wp\/v2\/media?parent=53"}],"curies":[{"name":"wp","href":"https:\/\/api.w.org\/{rel}","templated":true}]}}