{"id":51,"date":"2026-03-25T12:10:34","date_gmt":"2026-03-25T11:10:34","guid":{"rendered":"http:\/\/www.sansibar.life\/about-zanzibar\/"},"modified":"2026-03-25T12:10:34","modified_gmt":"2026-03-25T11:10:34","slug":"about-zanzibar","status":"publish","type":"page","link":"https:\/\/zanzibar.life\/it\/about-zanzibar\/","title":{"rendered":"Informazioni su Zanzibar"},"content":{"rendered":"<h1 class=\"wp-block-heading\">Informazioni su Zanzibar<\/h1><p>Zanzibar \u00e8 un arcipelago semi-autonomo al largo della costa della Tanzania, nell'Africa orientale. Conosciuta come \u201cl'isola delle spezie\u201d, offre una miscela unica di culture africane, arabe, indiane ed europee che hanno plasmato la sua ricca storia e il suo vivace presente.<\/p><h2 class=\"wp-block-heading\">Cultura e patrimonio<\/h2><p>Stone Town, il cuore storico della citt\u00e0 di Zanzibar, \u00e8 Patrimonio dell'Umanit\u00e0 dell'UNESCO. I suoi vicoli tortuosi, le porte ornate e intagliate e i vivaci bazar raccontano secoli di scambi commerciali e culturali. L'isola celebra una miscela di tradizioni swahili, patrimonio islamico e influenze coloniali.<\/p><h2 class=\"wp-block-heading\">Il momento migliore per visitarlo<\/h2><p>Zanzibar gode di un clima tropicale tutto l'anno. Il periodo migliore per visitarla \u00e8 durante le stagioni secche: <strong>Da giugno a ottobre<\/strong> (fresco e asciutto) e <strong>Da dicembre a febbraio<\/strong> (caldo e secco). Questi mesi offrono un clima perfetto per la spiaggia e condizioni ideali per le immersioni e lo snorkeling.<\/p><h2 class=\"wp-block-heading\">Come arrivare<\/h2><p>Zanzibar \u00e8 raggiungibile in aereo tramite l'Aeroporto Internazionale Abeid Amani Karume (ZNZ) con voli diretti da Dar es Salaam, Nairobi e diverse destinazioni internazionali. Anche i traghetti collegano Stone Town a Dar es Salaam con diverse partenze giornaliere.<\/p>","protected":false},"excerpt":{"rendered":"<p>About Zanzibar Zanzibar is a semi-autonomous archipelago off the coast of Tanzania in East Africa. Known as the &#8220;Spice Island,&#8221; it offers a unique blend of African, Arab, Indian, and European cultures that has shaped its rich history and vibrant present. Culture &amp; Heritage Stone Town, the historic heart of Zanzibar City, is a UNESCO [&hellip;]<\/p>\n","protected":false},"author":0,"featured_media":0,"parent":0,"menu_order":0,"comment_status":"closed","ping_status":"closed","template":"","meta":{"footnotes":""},"class_list":["post-51","page","type-page","status-publish","hentry"],"_links":{"self":[{"href":"https:\/\/zanzibar.life\/it\/wp-json\/wp\/v2\/pages\/51","targetHints":{"allow":["GET"]}}],"collection":[{"href":"https:\/\/zanzibar.life\/it\/wp-json\/wp\/v2\/pages"}],"about":[{"href":"https:\/\/zanzibar.life\/it\/wp-json\/wp\/v2\/types\/page"}],"replies":[{"embeddable":true,"href":"https:\/\/zanzibar.life\/it\/wp-json\/wp\/v2\/comments?post=51"}],"version-history":[{"count":0,"href":"https:\/\/zanzibar.life\/it\/wp-json\/wp\/v2\/pages\/51\/revisions"}],"wp:attachment":[{"href":"https:\/\/zanzibar.life\/it\/wp-json\/wp\/v2\/media?parent=51"}],"curies":[{"name":"wp","href":"https:\/\/api.w.org\/{rel}","templated":true}]}}